{"id":393,"date":"2025-04-28T16:07:28","date_gmt":"2025-04-28T16:07:28","guid":{"rendered":"https:\/\/ingenieriadsyd.cl\/?page_id=393"},"modified":"2025-04-28T16:12:25","modified_gmt":"2025-04-28T16:12:25","slug":"ingenieria-electrica","status":"publish","type":"page","link":"https:\/\/ingenieriadsyd.cl\/index.php\/ingenieria-electrica\/","title":{"rendered":"Ingenier\u00eda El\u00e9ctrica"},"content":{"rendered":"\t\t<div data-elementor-type=\"wp-page\" data-elementor-id=\"393\" class=\"elementor elementor-393\">\n\t\t\t\t<div class=\"elementor-element elementor-element-f8ce45a e-flex e-con-boxed e-con e-parent\" data-id=\"f8ce45a\" data-element_type=\"container\">\n\t\t\t\t\t<div class=\"e-con-inner\">\n\t\t\t\t<div class=\"elementor-element elementor-element-95d3633 elementor-widget elementor-widget-spacer\" data-id=\"95d3633\" data-element_type=\"widget\" data-widget_type=\"spacer.default\">\n\t\t\t\t<div class=\"elementor-widget-container\">\n\t\t\t\t\t\t\t<div class=\"elementor-spacer\">\n\t\t\t<div class=\"elementor-spacer-inner\"><\/div>\n\t\t<\/div>\n\t\t\t\t\t\t<\/div>\n\t\t\t\t<\/div>\n\t\t\t\t\t<\/div>\n\t\t\t\t<\/div>\n\t\t<div class=\"elementor-element elementor-element-c19f97e e-flex e-con-boxed e-con e-parent\" data-id=\"c19f97e\" data-element_type=\"container\">\n\t\t\t\t\t<div class=\"e-con-inner\">\n\t\t\t\t<div class=\"elementor-element elementor-element-bbed63c elementor-widget elementor-widget-heading\" data-id=\"bbed63c\" data-element_type=\"widget\" data-widget_type=\"heading.default\">\n\t\t\t\t<div class=\"elementor-widget-container\">\n\t\t\t\t\t<h2 class=\"elementor-heading-title elementor-size-default\">Ingenier\u00eda El\u00e9ctrica<\/h2>\t\t\t\t<\/div>\n\t\t\t\t<\/div>\n\t\t\t\t\t<\/div>\n\t\t\t\t<\/div>\n\t\t<div class=\"elementor-element elementor-element-fe9205b e-flex e-con-boxed e-con e-parent\" data-id=\"fe9205b\" data-element_type=\"container\">\n\t\t\t\t\t<div class=\"e-con-inner\">\n\t\t\t\t<div class=\"elementor-element elementor-element-469fa06 elementor-widget elementor-widget-text-editor\" data-id=\"469fa06\" data-element_type=\"widget\" data-widget_type=\"text-editor.default\">\n\t\t\t\t<div class=\"elementor-widget-container\">\n\t\t\t\t\t\t\t\t\t<h2 class=\"\" data-start=\"307\" data-end=\"373\">Soluciones El\u00e9ctricas Integrales para Proyectos de Alto Impacto<\/h2><p class=\"\" data-start=\"375\" data-end=\"755\">En <strong data-start=\"378\" data-end=\"390\">DSYD SpA<\/strong> ofrecemos servicios de ingenier\u00eda el\u00e9ctrica dise\u00f1ados para satisfacer los m\u00e1s altos est\u00e1ndares de calidad, seguridad y eficiencia en proyectos industriales, energ\u00e9ticos e infraestructura cr\u00edtica.<br data-start=\"586\" data-end=\"589\" \/>Nuestro equipo de ingenieros altamente capacitados y con amplia experiencia desarrolla soluciones innovadoras adaptadas a las necesidades espec\u00edficas de cada cliente.<\/p><p class=\"\" data-start=\"757\" data-end=\"957\">Desde la fase de dise\u00f1o y planificaci\u00f3n, pasando por la ejecuci\u00f3n, puesta en marcha y mantenimiento de sistemas el\u00e9ctricos, en DSYD garantizamos un enfoque integral y personalizado para cada proyecto.<\/p><hr class=\"\" data-start=\"959\" data-end=\"962\" \/><h2 class=\"\" data-start=\"964\" data-end=\"1019\">Nuestros servicios de Ingenier\u00eda El\u00e9ctrica incluyen:<\/h2><p>\u00a0<\/p><h3 class=\"\" data-start=\"1021\" data-end=\"1079\">\u26a1\u00a0 Medici\u00f3n y Estudio Geoel\u00e9ctrico para Mallas a Tierra<\/h3><p class=\"\" data-start=\"1080\" data-end=\"1256\">Realizamos estudios de resistividad del terreno y dise\u00f1o de sistemas de puesta a tierra, asegurando instalaciones seguras y eficientes para la protecci\u00f3n de personas y equipos.<\/p><h3 class=\"\" data-start=\"1258\" data-end=\"1318\">\u26a1\u00a0 An\u00e1lisis de Redes El\u00e9ctricas y Elaboraci\u00f3n de Informes<\/h3><p class=\"\" data-start=\"1319\" data-end=\"1501\">Evaluamos el estado de redes el\u00e9ctricas mediante instrumentos de \u00faltima generaci\u00f3n, identificando posibles fallas y proponiendo soluciones para optimizar su rendimiento y eficiencia.<\/p><h3 class=\"\" data-start=\"1503\" data-end=\"1552\">\u26a1\u00a0 Eficiencia Energ\u00e9tica y Energ\u00edas Renovables<\/h3><p class=\"\" data-start=\"1553\" data-end=\"1743\">Asesoramos en proyectos de optimizaci\u00f3n energ\u00e9tica y en la integraci\u00f3n de fuentes renovables como energ\u00eda solar y e\u00f3lica, buscando reducir costos operativos y minimizar el impacto ambiental.<\/p><h3 class=\"\" data-start=\"1745\" data-end=\"1779\">\u26a1\u00a0 Proyectos de Iluminaci\u00f3n LED<\/h3><p class=\"\" data-start=\"1780\" data-end=\"1986\">Dise\u00f1amos sistemas de iluminaci\u00f3n eficiente basados en tecnolog\u00eda LED, que permiten maximizar el ahorro energ\u00e9tico y mejorar las condiciones operativas en plantas industriales, edificios y espacios urbanos.<\/p><h3 class=\"\" data-start=\"1988\" data-end=\"2035\">\u26a1\u00a0 Gesti\u00f3n de Empalmes y Tableros de Control<\/h3><p class=\"\" data-start=\"2036\" data-end=\"2205\">Fabricamos y gestionamos conexiones el\u00e9ctricas, gabinetes y tableros industriales personalizados, cumpliendo con los m\u00e1s altos est\u00e1ndares de calidad y normativa t\u00e9cnica.<\/p><h3 class=\"\" data-start=\"2207\" data-end=\"2257\">\u26a1\u00a0 Ejecuci\u00f3n de Obras El\u00e9ctricas Especializadas<\/h3><p class=\"\" data-start=\"2258\" data-end=\"2447\">Desarrollamos proyectos de infraestructura el\u00e9ctrica para telecomunicaciones, data centers, sitios industriales y mineros, asegurando instalaciones robustas, seguras y altamente confiables.<\/p><hr class=\"\" data-start=\"2449\" data-end=\"2452\" \/><h2 class=\"\" data-start=\"2454\" data-end=\"2508\">\u00bfPor qu\u00e9 elegir DSYD para tus proyectos el\u00e9ctricos?<\/h2><p class=\"\" data-start=\"2510\" data-end=\"2857\">\u2705\u00a0 <strong data-start=\"2512\" data-end=\"2539\">Gran experiencia<\/strong> ejecutando proyectos de alta exigencia t\u00e9cnica.<br data-start=\"2587\" data-end=\"2590\" \/>\u2705\u00a0 <strong data-start=\"2592\" data-end=\"2617\">Cumplimiento estricto<\/strong> de normativas nacionales e internacionales (ISO 9001, ISO 14001, ISO 45001).<br data-start=\"2694\" data-end=\"2697\" \/>\u2705\u00a0 <strong data-start=\"2699\" data-end=\"2723\">Equipo especializado<\/strong> en dise\u00f1o, ejecuci\u00f3n y mantenimiento de sistemas el\u00e9ctricos.<br data-start=\"2784\" data-end=\"2787\" \/>\u2705\u00a0 <strong data-start=\"2789\" data-end=\"2856\">Compromiso con la innovaci\u00f3n, seguridad y eficiencia energ\u00e9tica<\/strong>.<\/p>\t\t\t\t\t\t\t\t<\/div>\n\t\t\t\t<\/div>\n\t\t\t\t\t<\/div>\n\t\t\t\t<\/div>\n\t\t\t\t<\/div>\n\t\t","protected":false},"excerpt":{"rendered":"<p>Ingenier\u00eda El\u00e9ctrica Soluciones El\u00e9ctricas Integrales para Proyectos de Alto Impacto En DSYD SpA ofrecemos servicios de ingenier\u00eda el\u00e9ctrica dise\u00f1ados para satisfacer los m\u00e1s altos est\u00e1ndares de calidad, seguridad y eficiencia en proyectos industriales, energ\u00e9ticos e infraestructura cr\u00edtica.Nuestro equipo de ingenieros altamente capacitados y con amplia experiencia desarrolla soluciones innovadoras adaptadas a las necesidades espec\u00edficas de [&hellip;]<\/p>\n","protected":false},"author":1,"featured_media":0,"parent":0,"menu_order":0,"comment_status":"closed","ping_status":"closed","template":"elementor_header_footer","meta":{"footnotes":""},"class_list":["post-393","page","type-page","status-publish","hentry"],"_links":{"self":[{"href":"https:\/\/ingenieriadsyd.cl\/index.php\/wp-json\/wp\/v2\/pages\/393","targetHints":{"allow":["GET"]}}],"collection":[{"href":"https:\/\/ingenieriadsyd.cl\/index.php\/wp-json\/wp\/v2\/pages"}],"about":[{"href":"https:\/\/ingenieriadsyd.cl\/index.php\/wp-json\/wp\/v2\/types\/page"}],"author":[{"embeddable":true,"href":"https:\/\/ingenieriadsyd.cl\/index.php\/wp-json\/wp\/v2\/users\/1"}],"replies":[{"embeddable":true,"href":"https:\/\/ingenieriadsyd.cl\/index.php\/wp-json\/wp\/v2\/comments?post=393"}],"version-history":[{"count":4,"href":"https:\/\/ingenieriadsyd.cl\/index.php\/wp-json\/wp\/v2\/pages\/393\/revisions"}],"predecessor-version":[{"id":397,"href":"https:\/\/ingenieriadsyd.cl\/index.php\/wp-json\/wp\/v2\/pages\/393\/revisions\/397"}],"wp:attachment":[{"href":"https:\/\/ingenieriadsyd.cl\/index.php\/wp-json\/wp\/v2\/media?parent=393"}],"curies":[{"name":"wp","href":"https:\/\/api.w.org\/{rel}","templated":true}]}}