{"id":387,"date":"2025-04-28T06:39:41","date_gmt":"2025-04-28T06:39:41","guid":{"rendered":"https:\/\/ingenieriadsyd.cl\/?page_id=387"},"modified":"2025-04-28T20:23:45","modified_gmt":"2025-04-28T20:23:45","slug":"servicios","status":"publish","type":"page","link":"https:\/\/ingenieriadsyd.cl\/index.php\/servicios\/","title":{"rendered":"Servicios"},"content":{"rendered":"\t\t<div data-elementor-type=\"wp-page\" data-elementor-id=\"387\" class=\"elementor elementor-387\">\n\t\t\t\t<div class=\"elementor-element elementor-element-d4f2717 e-flex e-con-boxed e-con e-parent\" data-id=\"d4f2717\" data-element_type=\"container\">\n\t\t\t\t\t<div class=\"e-con-inner\">\n\t\t\t\t<div class=\"elementor-element elementor-element-88d34c9 elementor-widget elementor-widget-heading\" data-id=\"88d34c9\" data-element_type=\"widget\" data-widget_type=\"heading.default\">\n\t\t\t\t<div class=\"elementor-widget-container\">\n\t\t\t\t\t<h2 class=\"elementor-heading-title elementor-size-default\">Servicios de Ingenier\u00eda y Montaje Especializado<\/h2>\t\t\t\t<\/div>\n\t\t\t\t<\/div>\n\t\t\t\t\t<\/div>\n\t\t\t\t<\/div>\n\t\t<div class=\"elementor-element elementor-element-fa17db4 e-flex e-con-boxed e-con e-parent\" data-id=\"fa17db4\" data-element_type=\"container\">\n\t\t\t\t\t<div class=\"e-con-inner\">\n\t\t\t\t<div class=\"elementor-element elementor-element-fc17719 elementor-widget elementor-widget-text-editor\" data-id=\"fc17719\" data-element_type=\"widget\" data-widget_type=\"text-editor.default\">\n\t\t\t\t<div class=\"elementor-widget-container\">\n\t\t\t\t\t\t\t\t\t<p>En DSYD SpA, entregamos soluciones integrales de ingenier\u00eda el\u00e9ctrica, montaje y obras civiles para sectores industriales, energ\u00e9ticos, mineros y de infraestructura.<\/p><p>Nuestro equipo de ingenieros expertos dise\u00f1a y ejecuta proyectos bajo los m\u00e1s altos est\u00e1ndares de calidad, eficiencia y seguridad.<\/p><p>Desde la planificaci\u00f3n y dise\u00f1o hasta la implementaci\u00f3n y mantenimiento, nos especializamos en proporcionar servicios confiables que impulsan el \u00e9xito de nuestros clientes.<\/p><p>Nuestra experiencia abarca instalaciones el\u00e9ctricas de alta complejidad, automatizaci\u00f3n industrial, distribuci\u00f3n de energ\u00eda, telecomunicaciones, energ\u00edas renovables y m\u00e1s.<\/p>\t\t\t\t\t\t\t\t<\/div>\n\t\t\t\t<\/div>\n\t\t\t\t<div class=\"elementor-element elementor-element-ddc1cb2 elementor-widget-divider--view-line elementor-widget elementor-widget-divider\" data-id=\"ddc1cb2\" data-element_type=\"widget\" data-widget_type=\"divider.default\">\n\t\t\t\t<div class=\"elementor-widget-container\">\n\t\t\t\t\t\t\t<div class=\"elementor-divider\">\n\t\t\t<span class=\"elementor-divider-separator\">\n\t\t\t\t\t\t<\/span>\n\t\t<\/div>\n\t\t\t\t\t\t<\/div>\n\t\t\t\t<\/div>\n\t\t\t\t\t<\/div>\n\t\t\t\t<\/div>\n\t\t<div class=\"elementor-element elementor-element-5554d02 e-flex e-con-boxed e-con e-parent\" data-id=\"5554d02\" data-element_type=\"container\">\n\t\t\t\t\t<div class=\"e-con-inner\">\n\t\t\t\t<div class=\"elementor-element elementor-element-b86b4a3 elementor-view-default elementor-widget elementor-widget-icon\" data-id=\"b86b4a3\" data-element_type=\"widget\" data-widget_type=\"icon.default\">\n\t\t\t\t<div class=\"elementor-widget-container\">\n\t\t\t\t\t\t\t<div class=\"elementor-icon-wrapper\">\n\t\t\t<div class=\"elementor-icon\">\n\t\t\t<svg aria-hidden=\"true\" class=\"e-font-icon-svg e-fas-bolt\" viewBox=\"0 0 320 512\" xmlns=\"http:\/\/www.w3.org\/2000\/svg\"><path d=\"M296 160H180.6l42.6-129.8C227.2 15 215.7 0 200 0H56C44 0 33.8 8.9 32.2 20.8l-32 240C-1.7 275.2 9.5 288 24 288h118.7L96.6 482.5c-3.6 15.2 8 29.5 23.3 29.5 8.4 0 16.4-4.4 20.8-12l176-304c9.3-15.9-2.2-36-20.7-36z\"><\/path><\/svg>\t\t\t<\/div>\n\t\t<\/div>\n\t\t\t\t\t\t<\/div>\n\t\t\t\t<\/div>\n\t\t\t\t<div class=\"elementor-element elementor-element-92d2e60 elementor-widget elementor-widget-service-widget\" data-id=\"92d2e60\" data-element_type=\"widget\" data-widget_type=\"service-widget.default\">\n\t\t\t\t<div class=\"elementor-widget-container\">\n\t\t\t\t\t<div class=\"bs-sevice two shd\" style=\"background-image: url(https:\/\/ingenieriadsyd.cl\/wp-content\/uploads\/2025\/04\/Imagen-servicios-fondo.png);\">\r\n              \r\n              <div class=\"bs-sevice-inner\">\r\n                               <h4><a href=\"\"  >Ingenier\u00eda El\u00e9ctrica<\/a><\/h4>\r\n               <p>En DSYD dise\u00f1amos, ejecutamos y supervisamos proyectos el\u00e9ctricos de alta complejidad, garantizando eficiencia, seguridad y cumplimiento normativo. Ofrecemos soluciones en media y baja tensi\u00f3n, automatizaci\u00f3n industrial, eficiencia energ\u00e9tica y energ\u00edas renovables. Trabajamos con equipos de \u00faltima tecnolog\u00eda para entregar resultados confiables a industrias de alta exigencia.<\/p>\r\n                \r\n                      <a class=\"btn btn-theme\"  href=\"https:\/\/ingenieriadsyd.cl\/index.php\/ingenieria-electrica\/\" rel=\"nofollow\">Ver m\u00e1s<\/a>\r\n\r\n                                   <\/div>\r\n<\/div>\r\n\r\n\r\n\t\t\t\t<\/div>\n\t\t\t\t<\/div>\n\t\t\t\t\t<\/div>\n\t\t\t\t<\/div>\n\t\t<div class=\"elementor-element elementor-element-4e722a3 e-flex e-con-boxed e-con e-parent\" data-id=\"4e722a3\" data-element_type=\"container\">\n\t\t\t\t\t<div class=\"e-con-inner\">\n\t\t\t\t<div class=\"elementor-element elementor-element-410f225 elementor-view-default elementor-widget elementor-widget-icon\" data-id=\"410f225\" data-element_type=\"widget\" data-widget_type=\"icon.default\">\n\t\t\t\t<div class=\"elementor-widget-container\">\n\t\t\t\t\t\t\t<div class=\"elementor-icon-wrapper\">\n\t\t\t<div class=\"elementor-icon\">\n\t\t\t<svg aria-hidden=\"true\" class=\"e-font-icon-svg e-fas-wrench\" viewBox=\"0 0 512 512\" xmlns=\"http:\/\/www.w3.org\/2000\/svg\"><path d=\"M507.73 109.1c-2.24-9.03-13.54-12.09-20.12-5.51l-74.36 74.36-67.88-11.31-11.31-67.88 74.36-74.36c6.62-6.62 3.43-17.9-5.66-20.16-47.38-11.74-99.55.91-136.58 37.93-39.64 39.64-50.55 97.1-34.05 147.2L18.74 402.76c-24.99 24.99-24.99 65.51 0 90.5 24.99 24.99 65.51 24.99 90.5 0l213.21-213.21c50.12 16.71 107.47 5.68 147.37-34.22 37.07-37.07 49.7-89.32 37.91-136.73zM64 472c-13.25 0-24-10.75-24-24 0-13.26 10.75-24 24-24s24 10.74 24 24c0 13.25-10.75 24-24 24z\"><\/path><\/svg>\t\t\t<\/div>\n\t\t<\/div>\n\t\t\t\t\t\t<\/div>\n\t\t\t\t<\/div>\n\t\t\t\t<div class=\"elementor-element elementor-element-16f0e43 elementor-widget elementor-widget-service-widget\" data-id=\"16f0e43\" data-element_type=\"widget\" data-widget_type=\"service-widget.default\">\n\t\t\t\t<div class=\"elementor-widget-container\">\n\t\t\t\t\t<div class=\"bs-sevice two shd\" style=\"background-image: url(https:\/\/ingenieriadsyd.cl\/wp-content\/uploads\/2025\/04\/Imagen-servicios-fondo.png);\">\r\n              \r\n              <div class=\"bs-sevice-inner\">\r\n                               <h4><a href=\"\"  >Obras Civiles<\/a><\/h4>\r\n               <p>Nuestro equipo de ingenier\u00eda civil planifica y ejecuta obras s\u00f3lidas y funcionales, abarcando desde movimientos de tierra hasta proyectos hidr\u00e1ulicos y redes contra incendios. Nos enfocamos en garantizar calidad constructiva, cumplimiento de plazos y mantenimiento especializado para asegurar la durabilidad de las infraestructuras de nuestros clientes.<\/p>\r\n                \r\n                      <a class=\"btn btn-theme\"  href=\"https:\/\/ingenieriadsyd.cl\/index.php\/obras-civiles\/\" rel=\"nofollow\">Ver m\u00e1s<\/a>\r\n\r\n                                   <\/div>\r\n<\/div>\r\n\r\n\r\n\t\t\t\t<\/div>\n\t\t\t\t<\/div>\n\t\t\t\t\t<\/div>\n\t\t\t\t<\/div>\n\t\t<div class=\"elementor-element elementor-element-4eb8a9a e-flex e-con-boxed e-con e-parent\" data-id=\"4eb8a9a\" data-element_type=\"container\">\n\t\t\t\t\t<div class=\"e-con-inner\">\n\t\t\t\t<div class=\"elementor-element elementor-element-db1fb50 elementor-view-default elementor-widget elementor-widget-icon\" data-id=\"db1fb50\" data-element_type=\"widget\" data-widget_type=\"icon.default\">\n\t\t\t\t<div class=\"elementor-widget-container\">\n\t\t\t\t\t\t\t<div class=\"elementor-icon-wrapper\">\n\t\t\t<div class=\"elementor-icon\">\n\t\t\t<svg aria-hidden=\"true\" class=\"e-font-icon-svg e-fas-satellite-dish\" viewBox=\"0 0 512 512\" xmlns=\"http:\/\/www.w3.org\/2000\/svg\"><path d=\"M305.44954,462.59c7.39157,7.29792,6.18829,20.09661-3.00038,25.00356-77.713,41.80281-176.72559,29.9105-242.34331-35.7082C-5.49624,386.28227-17.404,287.362,24.41381,209.554c4.89125-9.095,17.68975-10.29834,25.00318-3.00043L166.22872,323.36708l27.39411-27.39452c-.68759-2.60974-1.594-5.00071-1.594-7.81361a32.00407,32.00407,0,1,1,32.00407,32.00455c-2.79723,0-5.20378-.89075-7.79786-1.594l-27.40974,27.41015ZM511.9758,303.06732a16.10336,16.10336,0,0,1-16.002,17.00242H463.86031a15.96956,15.96956,0,0,1-15.89265-15.00213C440.46671,175.5492,336.45348,70.53427,207.03078,63.53328a15.84486,15.84486,0,0,1-15.00191-15.90852V16.02652A16.09389,16.09389,0,0,1,209.031.02425C372.25491,8.61922,503.47472,139.841,511.9758,303.06732Zm-96.01221-.29692a16.21093,16.21093,0,0,1-16.11142,17.29934H367.645a16.06862,16.06862,0,0,1-15.89265-14.70522c-6.90712-77.01094-68.118-138.91037-144.92467-145.22376a15.94,15.94,0,0,1-14.79876-15.89289V112.13393a16.134,16.134,0,0,1,17.29908-16.096C319.45132,104.5391,407.55627,192.64538,415.96359,302.7704Z\"><\/path><\/svg>\t\t\t<\/div>\n\t\t<\/div>\n\t\t\t\t\t\t<\/div>\n\t\t\t\t<\/div>\n\t\t\t\t<div class=\"elementor-element elementor-element-839b6a2 elementor-widget elementor-widget-service-widget\" data-id=\"839b6a2\" data-element_type=\"widget\" data-widget_type=\"service-widget.default\">\n\t\t\t\t<div class=\"elementor-widget-container\">\n\t\t\t\t\t<div class=\"bs-sevice two shd\" style=\"background-image: url(https:\/\/ingenieriadsyd.cl\/wp-content\/uploads\/2025\/04\/Imagen-servicios-fondo.png);\">\r\n              \r\n              <div class=\"bs-sevice-inner\">\r\n                               <h4><a href=\"\"  >Telecomunicaciones<\/a><\/h4>\r\n               <p>Brindamos soluciones completas en telecomunicaciones, incluyendo dise\u00f1o, instalaci\u00f3n y mantenimiento de redes de transmisi\u00f3n de datos, fibra \u00f3ptica y cableado estructurado. Nuestro enfoque es garantizar conectividad eficiente, alta disponibilidad y tecnolog\u00eda de vanguardia para proyectos industriales, empresariales y de infraestructura cr\u00edtica.\n\n<\/p>\r\n                \r\n                      <a class=\"btn btn-theme\"  href=\"https:\/\/ingenieriadsyd.cl\/index.php\/telecomunicaciones\/\" rel=\"nofollow\">Ver m\u00e1s<\/a>\r\n\r\n                                   <\/div>\r\n<\/div>\r\n\r\n\r\n\t\t\t\t<\/div>\n\t\t\t\t<\/div>\n\t\t\t\t\t<\/div>\n\t\t\t\t<\/div>\n\t\t<div class=\"elementor-element elementor-element-1657260 e-flex e-con-boxed e-con e-parent\" data-id=\"1657260\" data-element_type=\"container\">\n\t\t\t\t\t<div class=\"e-con-inner\">\n\t\t\t\t<div class=\"elementor-element elementor-element-c244f01 elementor-view-default elementor-widget elementor-widget-icon\" data-id=\"c244f01\" data-element_type=\"widget\" data-widget_type=\"icon.default\">\n\t\t\t\t<div class=\"elementor-widget-container\">\n\t\t\t\t\t\t\t<div class=\"elementor-icon-wrapper\">\n\t\t\t<div class=\"elementor-icon\">\n\t\t\t<svg aria-hidden=\"true\" class=\"e-font-icon-svg e-fas-clipboard-list\" viewBox=\"0 0 384 512\" xmlns=\"http:\/\/www.w3.org\/2000\/svg\"><path d=\"M336 64h-80c0-35.3-28.7-64-64-64s-64 28.7-64 64H48C21.5 64 0 85.5 0 112v352c0 26.5 21.5 48 48 48h288c26.5 0 48-21.5 48-48V112c0-26.5-21.5-48-48-48zM96 424c-13.3 0-24-10.7-24-24s10.7-24 24-24 24 10.7 24 24-10.7 24-24 24zm0-96c-13.3 0-24-10.7-24-24s10.7-24 24-24 24 10.7 24 24-10.7 24-24 24zm0-96c-13.3 0-24-10.7-24-24s10.7-24 24-24 24 10.7 24 24-10.7 24-24 24zm96-192c13.3 0 24 10.7 24 24s-10.7 24-24 24-24-10.7-24-24 10.7-24 24-24zm128 368c0 4.4-3.6 8-8 8H168c-4.4 0-8-3.6-8-8v-16c0-4.4 3.6-8 8-8h144c4.4 0 8 3.6 8 8v16zm0-96c0 4.4-3.6 8-8 8H168c-4.4 0-8-3.6-8-8v-16c0-4.4 3.6-8 8-8h144c4.4 0 8 3.6 8 8v16zm0-96c0 4.4-3.6 8-8 8H168c-4.4 0-8-3.6-8-8v-16c0-4.4 3.6-8 8-8h144c4.4 0 8 3.6 8 8v16z\"><\/path><\/svg>\t\t\t<\/div>\n\t\t<\/div>\n\t\t\t\t\t\t<\/div>\n\t\t\t\t<\/div>\n\t\t\t\t<div class=\"elementor-element elementor-element-f924e05 elementor-widget elementor-widget-service-widget\" data-id=\"f924e05\" data-element_type=\"widget\" data-widget_type=\"service-widget.default\">\n\t\t\t\t<div class=\"elementor-widget-container\">\n\t\t\t\t\t<div class=\"bs-sevice two shd\" style=\"background-image: url(https:\/\/ingenieriadsyd.cl\/wp-content\/uploads\/2025\/04\/Imagen-servicios-fondo.png);\">\r\n              \r\n              <div class=\"bs-sevice-inner\">\r\n                               <h4><a href=\"\"  >Gesti\u00f3n y Consultor\u00eda T\u00e9cnica Integral<\/a><\/h4>\r\n               <p>Asesoramos t\u00e9cnicamente y coordinamos proyectos de ingenier\u00eda el\u00e9ctrica y civil desde su dise\u00f1o hasta su ejecuci\u00f3n final. Nuestro servicio incluye gesti\u00f3n de recursos, optimizaci\u00f3n de procesos y direcci\u00f3n de obra, asegurando que cada etapa cumpla con los est\u00e1ndares m\u00e1s exigentes de calidad, eficiencia y seguridad.\n\n\n<\/p>\r\n                \r\n                      <a class=\"btn btn-theme\"  href=\"https:\/\/ingenieriadsyd.cl\/index.php\/gestion-y-consultoria-tecnica-integral\/\" rel=\"nofollow\">Ver m\u00e1s<\/a>\r\n\r\n                                   <\/div>\r\n<\/div>\r\n\r\n\r\n\t\t\t\t<\/div>\n\t\t\t\t<\/div>\n\t\t\t\t\t<\/div>\n\t\t\t\t<\/div>\n\t\t<div class=\"elementor-element elementor-element-f8f2d30 e-flex e-con-boxed e-con e-parent\" data-id=\"f8f2d30\" data-element_type=\"container\">\n\t\t\t\t\t<div class=\"e-con-inner\">\n\t\t\t\t\t<\/div>\n\t\t\t\t<\/div>\n\t\t\t\t<\/div>\n\t\t","protected":false},"excerpt":{"rendered":"<p>Servicios de Ingenier\u00eda y Montaje Especializado En DSYD SpA, entregamos soluciones integrales de ingenier\u00eda el\u00e9ctrica, montaje y obras civiles para sectores industriales, energ\u00e9ticos, mineros y de infraestructura. Nuestro equipo de ingenieros expertos dise\u00f1a y ejecuta proyectos bajo los m\u00e1s altos est\u00e1ndares de calidad, eficiencia y seguridad. Desde la planificaci\u00f3n y dise\u00f1o hasta la implementaci\u00f3n y [&hellip;]<\/p>\n","protected":false},"author":1,"featured_media":0,"parent":0,"menu_order":0,"comment_status":"closed","ping_status":"closed","template":"elementor_header_footer","meta":{"footnotes":""},"class_list":["post-387","page","type-page","status-publish","hentry"],"_links":{"self":[{"href":"https:\/\/ingenieriadsyd.cl\/index.php\/wp-json\/wp\/v2\/pages\/387","targetHints":{"allow":["GET"]}}],"collection":[{"href":"https:\/\/ingenieriadsyd.cl\/index.php\/wp-json\/wp\/v2\/pages"}],"about":[{"href":"https:\/\/ingenieriadsyd.cl\/index.php\/wp-json\/wp\/v2\/types\/page"}],"author":[{"embeddable":true,"href":"https:\/\/ingenieriadsyd.cl\/index.php\/wp-json\/wp\/v2\/users\/1"}],"replies":[{"embeddable":true,"href":"https:\/\/ingenieriadsyd.cl\/index.php\/wp-json\/wp\/v2\/comments?post=387"}],"version-history":[{"count":7,"href":"https:\/\/ingenieriadsyd.cl\/index.php\/wp-json\/wp\/v2\/pages\/387\/revisions"}],"predecessor-version":[{"id":421,"href":"https:\/\/ingenieriadsyd.cl\/index.php\/wp-json\/wp\/v2\/pages\/387\/revisions\/421"}],"wp:attachment":[{"href":"https:\/\/ingenieriadsyd.cl\/index.php\/wp-json\/wp\/v2\/media?parent=387"}],"curies":[{"name":"wp","href":"https:\/\/api.w.org\/{rel}","templated":true}]}}